{"id":8,"date":"2019-09-03T17:10:51","date_gmt":"2019-09-03T17:10:51","guid":{"rendered":"http:\/\/www.hmltoimihenkilot.fi\/?page_id=8"},"modified":"2025-07-03T07:41:25","modified_gmt":"2025-07-03T07:41:25","slug":"jasenedut","status":"publish","type":"page","link":"https:\/\/www.hmltoimihenkilot.fi\/index.php\/jasenedut\/","title":{"rendered":"J\u00e4senedut"},"content":{"rendered":"\n<p>Pron tarjoamat j\u00e4senedut l\u00f6yd\u00e4t <a href=\"https:\/\/proliitto.fi\/fi\/jasenedut-ja-palvelut-tuovat-arvoa-tyoelamaan-ja-vapaa-aikaan\">Pro j\u00e4senedut \u2013 tukea ja alennuksia | Ammattiliitto Pro (proliitto.fi)<\/a><\/p>\n\n\n\n<h2 class=\"wp-block-heading\">Lis\u00e4ksi alla olevat edut ovat voimassa H\u00e4meenlinnan toimihenkil\u00f6t Pro ry:n j\u00e4senille vuonna 2025;<\/h2>\n\n\n\n<p><strong>TK Body Balance<\/strong> (Viipurintie 27 H\u00e4meenlinna) tarjoaa 31.12.2025 asti j\u00e4senillemme ensimm\u00e4isest\u00e4 k\u00e4yntikerrasta <strong>20 % alennuksen<\/strong>. Alennusta voi k\u00e4ytt\u00e4\u00e4 hierontaan, kosmetologipalveluihin tai jalkahoitoihin.<\/p>\n\n\n\n<p>Muista mainita varauksen yhteydess\u00e4 &#8221;Prohinta&#8221; ja varaudu esitt\u00e4m\u00e4\u00e4n voimassa oleva Pron j\u00e4senkortti. Lis\u00e4tietoja ja varaukset: <a href=\"http:\/\/www.tkbodybalance.fi\">www.tkbodybalance.fi<\/a> <\/p>\n\n\n\n<figure class=\"wp-block-image size-large\"><img loading=\"lazy\" decoding=\"async\" width=\"1024\" height=\"424\" src=\"https:\/\/www.hmltoimihenkilot.fi\/wp-content\/uploads\/2025\/04\/image-1024x424.png\" alt=\"\" class=\"wp-image-384\" srcset=\"https:\/\/www.hmltoimihenkilot.fi\/wp-content\/uploads\/2025\/04\/image-1024x424.png 1024w, https:\/\/www.hmltoimihenkilot.fi\/wp-content\/uploads\/2025\/04\/image-300x124.png 300w, https:\/\/www.hmltoimihenkilot.fi\/wp-content\/uploads\/2025\/04\/image-768x318.png 768w, https:\/\/www.hmltoimihenkilot.fi\/wp-content\/uploads\/2025\/04\/image.png 1138w\" sizes=\"auto, (max-width: 1024px) 100vw, 1024px\" \/><\/figure>\n\n\n\n<h3 class=\"wp-block-heading\">****************************<\/h3>\n\n\n\n<p><strong>Ilmaiseksi Kirpsukka Moves tunnille<\/strong><\/p>\n\n\n\n<p>Vuodelta 2024 tuttu j\u00e4senetu on edelleen k\u00e4ytett\u00e4viss\u00e4nne Pron j\u00e4senkorttia n\u00e4ytt\u00e4m\u00e4ll\u00e4! P\u00e4\u00e4set osallistumaan yhdelle Kirpsukka Movesin tunnille ilmaiseksi. \u00c4l\u00e4 j\u00e4t\u00e4 etuutta k\u00e4ytt\u00e4m\u00e4tt\u00e4. Katso tunnit:&nbsp;<a href=\"http:\/\/www.kirpsukkamoves.fi\/\">www.kirpsukkamoves.fi<\/a>&nbsp;tai&nbsp;<a href=\"http:\/\/www.facebook.fi\/KirpsukkaMoves\">www.facebook.fi\/KirpsukkaMoves<\/a><\/p>\n\n\n\n<figure class=\"wp-block-image\"><img loading=\"lazy\" decoding=\"async\" width=\"210\" height=\"86\" src=\"https:\/\/www.hmltoimihenkilot.fi\/wp-content\/uploads\/2019\/12\/cropped-KirpsukkaMovesjuoksija2-1.gif\" alt=\"\" class=\"wp-image-107\"\/><\/figure>\n\n\n\n<p>******************************<\/p>\n\n\n\n<figure class=\"wp-block-image size-full\"><img loading=\"lazy\" decoding=\"async\" width=\"682\" height=\"889\" src=\"http:\/\/www.hmltoimihenkilot.fi\/wp-content\/uploads\/2025\/04\/Pro-etu-2025.jpg\" alt=\"\" class=\"wp-image-393\" srcset=\"https:\/\/www.hmltoimihenkilot.fi\/wp-content\/uploads\/2025\/04\/Pro-etu-2025.jpg 682w, https:\/\/www.hmltoimihenkilot.fi\/wp-content\/uploads\/2025\/04\/Pro-etu-2025-230x300.jpg 230w\" sizes=\"auto, (max-width: 682px) 100vw, 682px\" \/><\/figure>\n","protected":false},"excerpt":{"rendered":"<p>Pron tarjoamat j\u00e4senedut l\u00f6yd\u00e4t Pro j\u00e4senedut \u2013 tukea ja alennuksia | Ammattiliitto Pro (proliitto.fi) Lis\u00e4ksi alla olevat edut ovat voimassa H\u00e4meenlinnan toimihenkil\u00f6t Pro ry:n j\u00e4senille vuonna 2025; TK Body Balance (Viipurintie 27 H\u00e4meenlinna) tarjoaa 31.12.2025 asti j\u00e4senillemme ensimm\u00e4isest\u00e4 k\u00e4yntikerrasta 20 &hellip; <a href=\"https:\/\/www.hmltoimihenkilot.fi\/index.php\/jasenedut\/\">Lue loppuun <span class=\"meta-nav\">&rarr;<\/span><\/a><\/p>\n","protected":false},"author":1,"featured_media":0,"parent":0,"menu_order":0,"comment_status":"closed","ping_status":"closed","template":"","meta":{"footnotes":""},"class_list":["post-8","page","type-page","status-publish","hentry"],"_links":{"self":[{"href":"https:\/\/www.hmltoimihenkilot.fi\/index.php\/wp-json\/wp\/v2\/pages\/8","targetHints":{"allow":["GET"]}}],"collection":[{"href":"https:\/\/www.hmltoimihenkilot.fi\/index.php\/wp-json\/wp\/v2\/pages"}],"about":[{"href":"https:\/\/www.hmltoimihenkilot.fi\/index.php\/wp-json\/wp\/v2\/types\/page"}],"author":[{"embeddable":true,"href":"https:\/\/www.hmltoimihenkilot.fi\/index.php\/wp-json\/wp\/v2\/users\/1"}],"replies":[{"embeddable":true,"href":"https:\/\/www.hmltoimihenkilot.fi\/index.php\/wp-json\/wp\/v2\/comments?post=8"}],"version-history":[{"count":24,"href":"https:\/\/www.hmltoimihenkilot.fi\/index.php\/wp-json\/wp\/v2\/pages\/8\/revisions"}],"predecessor-version":[{"id":436,"href":"https:\/\/www.hmltoimihenkilot.fi\/index.php\/wp-json\/wp\/v2\/pages\/8\/revisions\/436"}],"wp:attachment":[{"href":"https:\/\/www.hmltoimihenkilot.fi\/index.php\/wp-json\/wp\/v2\/media?parent=8"}],"curies":[{"name":"wp","href":"https:\/\/api.w.org\/{rel}","templated":true}]}}