{"id":304,"date":"2024-03-25T16:26:52","date_gmt":"2024-03-25T16:26:52","guid":{"rendered":"https:\/\/www.hmltoimihenkilot.fi\/?page_id=304"},"modified":"2025-10-02T10:35:18","modified_gmt":"2025-10-02T10:35:18","slug":"liity-jaseneksi-2","status":"publish","type":"page","link":"https:\/\/www.hmltoimihenkilot.fi\/index.php\/liity-jaseneksi-2\/","title":{"rendered":"Liity j\u00e4seneksi"},"content":{"rendered":"\n<p>Hei sin\u00e4! Tervetuloa yhdistyksemme toimintaan. Meit\u00e4 on jo noin 800 henkil\u00f6\u00e4 mukana eri toimialueilta. <\/p>\n\n\n\n<p>J\u00e4rjest\u00e4mme aktiivisesti ymp\u00e4ri vuoden erilaisia j\u00e4sentapahtumia. Alla listaa viime vuoden tilaisuuksista. Tulevat tapahtumamme p\u00e4ivitet\u00e4\u00e4n pian Ajankohtaista-sivulle. Ja yhdistyksemme j\u00e4senen\u00e4 p\u00e4\u00e4set mukaan tapahtumiimme sopivaan j\u00e4senetuhintaan.<\/p>\n\n\n\n<p><a href=\"https:\/\/lomakkeet.proliitto.fi\/\">J\u00e4seneksi liittyminen | Ammattiliitto Pro (proliitto.fi)<\/a> huom! Valitse yhdistykseksi H\u00e4meenlinnan toimihenkil\u00f6t Pro ry.<\/p>\n\n\n\n<p>Pron voimajoukko ulottuvillasi vuodeksi nyt 12,90 \u20ac\/kk. Liity vuoden 2025 loppuun menness\u00e4. &#8211;> <a href=\"https:\/\/proliitto.fi\/fi\/liittoon\">Kampanja 12,90 \u20ac \/ kk<\/a><\/p>\n\n\n\n<p>Oletko jo Pro:n j\u00e4sen, vaihda aktiiviseen joukkoomme <a href=\"https:\/\/lomakkeet.proliitto.fi\/society-change\">Yhdistyksen vaihto | Ammattiliitto Pro (proliitto.fi)<\/a><\/p>\n\n\n\n<p>Esimerkkej\u00e4 yhdistyksen vuoden 2024 tapahtumista:<\/p>\n\n\n\n<p>Voi hyvin ty\u00f6ss\u00e4 -palautumisvalmennus<br>J\u00e4senhintaiset liput Wanaja-festareille<br>H\u00e4meenlinnan Uusi Kes\u00e4teatteri &#8211; El\u00e4m\u00e4lt\u00e4 kaiken sain<br>Museokorttiarvonta<br>Perheen kanssa Lintsille<br>Tomaatteja! Tomaatteja! H\u00e4meenlinnan Uusi Kes\u00e4teatteri<br>Linnanm\u00e4en Valokarnevaalit<br>Niko ja myrskyporojen arvoitus -elokuva<br>Vares X -elokuva<br>H\u00e4meenlinnan teatteri &#8211; 39 askelta<br>Pikkujoulumatka Tallinnaan<br>Vieraana Otto Kanerva teemalla Min\u00e4 ja Yhteis\u00f6ni<br>Haloo Helsinki! j\u00e4senhintaan Painohallilla<\/p>\n\n\n\n<p><\/p>\n","protected":false},"excerpt":{"rendered":"<p>Hei sin\u00e4! Tervetuloa yhdistyksemme toimintaan. Meit\u00e4 on jo noin 800 henkil\u00f6\u00e4 mukana eri toimialueilta. J\u00e4rjest\u00e4mme aktiivisesti ymp\u00e4ri vuoden erilaisia j\u00e4sentapahtumia. Alla listaa viime vuoden tilaisuuksista. Tulevat tapahtumamme p\u00e4ivitet\u00e4\u00e4n pian Ajankohtaista-sivulle. Ja yhdistyksemme j\u00e4senen\u00e4 p\u00e4\u00e4set mukaan tapahtumiimme sopivaan j\u00e4senetuhintaan. J\u00e4seneksi liittyminen &hellip; <a href=\"https:\/\/www.hmltoimihenkilot.fi\/index.php\/liity-jaseneksi-2\/\">Lue loppuun <span class=\"meta-nav\">&rarr;<\/span><\/a><\/p>\n","protected":false},"author":1,"featured_media":0,"parent":0,"menu_order":0,"comment_status":"closed","ping_status":"closed","template":"","meta":{"footnotes":""},"class_list":["post-304","page","type-page","status-publish","hentry"],"_links":{"self":[{"href":"https:\/\/www.hmltoimihenkilot.fi\/index.php\/wp-json\/wp\/v2\/pages\/304","targetHints":{"allow":["GET"]}}],"collection":[{"href":"https:\/\/www.hmltoimihenkilot.fi\/index.php\/wp-json\/wp\/v2\/pages"}],"about":[{"href":"https:\/\/www.hmltoimihenkilot.fi\/index.php\/wp-json\/wp\/v2\/types\/page"}],"author":[{"embeddable":true,"href":"https:\/\/www.hmltoimihenkilot.fi\/index.php\/wp-json\/wp\/v2\/users\/1"}],"replies":[{"embeddable":true,"href":"https:\/\/www.hmltoimihenkilot.fi\/index.php\/wp-json\/wp\/v2\/comments?post=304"}],"version-history":[{"count":9,"href":"https:\/\/www.hmltoimihenkilot.fi\/index.php\/wp-json\/wp\/v2\/pages\/304\/revisions"}],"predecessor-version":[{"id":453,"href":"https:\/\/www.hmltoimihenkilot.fi\/index.php\/wp-json\/wp\/v2\/pages\/304\/revisions\/453"}],"wp:attachment":[{"href":"https:\/\/www.hmltoimihenkilot.fi\/index.php\/wp-json\/wp\/v2\/media?parent=304"}],"curies":[{"name":"wp","href":"https:\/\/api.w.org\/{rel}","templated":true}]}}