{"id":2,"date":"2019-06-05T11:39:57","date_gmt":"2019-06-05T11:39:57","guid":{"rendered":"http:\/\/www.hmltoimihenkilot.fi\/?page_id=2"},"modified":"2025-05-06T19:03:11","modified_gmt":"2025-05-06T19:03:11","slug":"sample-page","status":"publish","type":"page","link":"https:\/\/www.hmltoimihenkilot.fi\/index.php\/sample-page\/","title":{"rendered":"H\u00e4meenlinnan Toimihenkil\u00f6t Pro Ry"},"content":{"rendered":"\n<p>Tervetuloa H\u00e4meenlinnan Toimihenkil\u00f6t Pro ry:n sivuille. Olemme <a rel=\"noreferrer noopener\" href=\"https:\/\/proliitto.fi\/\" target=\"_blank\">Ammattiliitto Pron<\/a> j\u00e4senyhdistys. Yhdistys on toiminut paikallisena edunvalvojana yli 80 v. eri toimialojen ja yritysten ammattilaisille, joita t\u00e4ll\u00e4 hetkell\u00e4 on noin 800. Yhdistyksen toimintaa johtaa j\u00e4senten vuosittain valitsema hallitus, joka suunnittelee ja sovittaa yhteen erilaisia koulutuksia, sek\u00e4 virkistystapahtumia. Seuraamalla sivuston tiedottamista saat kaiken hy\u00f6dyn&nbsp;j\u00e4senyydest\u00e4si. <\/p>\n\n\n\n<blockquote class=\"wp-block-quote is-layout-flow wp-block-quote-is-layout-flow\">\n<p> Yhdistyksen toimisto sijaitsee osoitteessa Sibeliuksenkatu 4 LH 12 ja on j\u00e4senten k\u00e4ytett\u00e4viss\u00e4 sopimuksen mukaan. Tiedustelut ja varaukset pro@hmltoimihenkilot.fi. <\/p>\n<\/blockquote>\n\n\n\n<figure class=\"wp-block-image is-resized\"><img loading=\"lazy\" decoding=\"async\" width=\"1024\" height=\"710\" src=\"https:\/\/www.hmltoimihenkilot.fi\/wp-content\/uploads\/2019\/09\/IMG_20190911_083026-1024x710.jpg\" alt=\"\" class=\"wp-image-78\" style=\"width:648px;height:449px\" srcset=\"https:\/\/www.hmltoimihenkilot.fi\/wp-content\/uploads\/2019\/09\/IMG_20190911_083026-1024x710.jpg 1024w, https:\/\/www.hmltoimihenkilot.fi\/wp-content\/uploads\/2019\/09\/IMG_20190911_083026-300x208.jpg 300w, https:\/\/www.hmltoimihenkilot.fi\/wp-content\/uploads\/2019\/09\/IMG_20190911_083026-768x532.jpg 768w\" sizes=\"auto, (max-width: 1024px) 100vw, 1024px\" \/><\/figure>\n\n\n\n<blockquote class=\"wp-block-quote is-layout-flow wp-block-quote-is-layout-flow\">\n<p><\/p>\n<\/blockquote>\n\n\n\n<p><strong>Tietosuojapolitiikka<\/strong><br><br>H\u00e4meenlinnan Toimihenkil\u00f6t Pro Ry. soveltaa toiminnassa EU:n tietosuoja-asetusta (GDPR=general data protection regulation) sek\u00e4 voimassa olevaa muuta tietosuojalains\u00e4\u00e4d\u00e4nt\u00f6\u00e4. J\u00e4senten ja henkil\u00f6st\u00f6n luottamuksen s\u00e4ilytt\u00e4minen on keskeist\u00e4 toiminnassamme. <\/p>\n\n\n\n<p><\/p>\n","protected":false},"excerpt":{"rendered":"<p>Tervetuloa H\u00e4meenlinnan Toimihenkil\u00f6t Pro ry:n sivuille. Olemme Ammattiliitto Pron j\u00e4senyhdistys. Yhdistys on toiminut paikallisena edunvalvojana yli 80 v. eri toimialojen ja yritysten ammattilaisille, joita t\u00e4ll\u00e4 hetkell\u00e4 on noin 800. Yhdistyksen toimintaa johtaa j\u00e4senten vuosittain valitsema hallitus, joka suunnittelee ja sovittaa &hellip; <a href=\"https:\/\/www.hmltoimihenkilot.fi\/index.php\/sample-page\/\">Lue loppuun <span class=\"meta-nav\">&rarr;<\/span><\/a><\/p>\n","protected":false},"author":1,"featured_media":0,"parent":0,"menu_order":0,"comment_status":"closed","ping_status":"open","template":"","meta":{"footnotes":""},"class_list":["post-2","page","type-page","status-publish","hentry"],"_links":{"self":[{"href":"https:\/\/www.hmltoimihenkilot.fi\/index.php\/wp-json\/wp\/v2\/pages\/2","targetHints":{"allow":["GET"]}}],"collection":[{"href":"https:\/\/www.hmltoimihenkilot.fi\/index.php\/wp-json\/wp\/v2\/pages"}],"about":[{"href":"https:\/\/www.hmltoimihenkilot.fi\/index.php\/wp-json\/wp\/v2\/types\/page"}],"author":[{"embeddable":true,"href":"https:\/\/www.hmltoimihenkilot.fi\/index.php\/wp-json\/wp\/v2\/users\/1"}],"replies":[{"embeddable":true,"href":"https:\/\/www.hmltoimihenkilot.fi\/index.php\/wp-json\/wp\/v2\/comments?post=2"}],"version-history":[{"count":9,"href":"https:\/\/www.hmltoimihenkilot.fi\/index.php\/wp-json\/wp\/v2\/pages\/2\/revisions"}],"predecessor-version":[{"id":408,"href":"https:\/\/www.hmltoimihenkilot.fi\/index.php\/wp-json\/wp\/v2\/pages\/2\/revisions\/408"}],"wp:attachment":[{"href":"https:\/\/www.hmltoimihenkilot.fi\/index.php\/wp-json\/wp\/v2\/media?parent=2"}],"curies":[{"name":"wp","href":"https:\/\/api.w.org\/{rel}","templated":true}]}}