{"id":19,"date":"2019-09-14T16:55:59","date_gmt":"2019-09-14T16:55:59","guid":{"rendered":"http:\/\/www.hmltoimihenkilot.fi\/?page_id=19"},"modified":"2026-03-24T20:25:15","modified_gmt":"2026-03-24T20:25:15","slug":"hallitus-2","status":"publish","type":"page","link":"https:\/\/www.hmltoimihenkilot.fi\/index.php\/hallitus-2\/","title":{"rendered":"Hallitus"},"content":{"rendered":"\n<figure class=\"wp-block-table is-style-regular\"><table class=\"has-fixed-layout\"><tbody><tr><td><strong>Puheenjohtaja, edunvalvonta<\/strong><br>Jukka-Pekka Pispa<\/td><\/tr><tr><td><strong>Varapuheenjohtaja, sihteeri ja tiedotusvastaava<\/strong><br>Jaana Meranta-M\u00e4yr\u00e4<\/td><\/tr><tr><td><strong>Talousvastaava<\/strong><br>Heli Kettunen<\/td><\/tr><tr><td><strong>Koulutus, j\u00e4senhankinta<\/strong><br>Tero Forsell, varalla Mikael Mononen<\/td><\/tr><tr><td><strong>Vapaa-aika<\/strong><br>Marika Svensk ja Katja Forsell<\/td><\/tr><\/tbody><\/table><\/figure>\n\n\n\n<p>S\u00e4hk\u00f6posti: pro (a) hmltoimihenkilot.fi<\/p>\n","protected":false},"excerpt":{"rendered":"<p>Puheenjohtaja, edunvalvontaJukka-Pekka Pispa Varapuheenjohtaja, sihteeri ja tiedotusvastaavaJaana Meranta-M\u00e4yr\u00e4 TalousvastaavaHeli Kettunen Koulutus, j\u00e4senhankintaTero Forsell, varalla Mikael Mononen Vapaa-aikaMarika Svensk ja Katja Forsell S\u00e4hk\u00f6posti: pro (a) hmltoimihenkilot.fi<\/p>\n","protected":false},"author":1,"featured_media":0,"parent":0,"menu_order":0,"comment_status":"closed","ping_status":"closed","template":"","meta":{"footnotes":""},"class_list":["post-19","page","type-page","status-publish","hentry"],"_links":{"self":[{"href":"https:\/\/www.hmltoimihenkilot.fi\/index.php\/wp-json\/wp\/v2\/pages\/19","targetHints":{"allow":["GET"]}}],"collection":[{"href":"https:\/\/www.hmltoimihenkilot.fi\/index.php\/wp-json\/wp\/v2\/pages"}],"about":[{"href":"https:\/\/www.hmltoimihenkilot.fi\/index.php\/wp-json\/wp\/v2\/types\/page"}],"author":[{"embeddable":true,"href":"https:\/\/www.hmltoimihenkilot.fi\/index.php\/wp-json\/wp\/v2\/users\/1"}],"replies":[{"embeddable":true,"href":"https:\/\/www.hmltoimihenkilot.fi\/index.php\/wp-json\/wp\/v2\/comments?post=19"}],"version-history":[{"count":19,"href":"https:\/\/www.hmltoimihenkilot.fi\/index.php\/wp-json\/wp\/v2\/pages\/19\/revisions"}],"predecessor-version":[{"id":485,"href":"https:\/\/www.hmltoimihenkilot.fi\/index.php\/wp-json\/wp\/v2\/pages\/19\/revisions\/485"}],"wp:attachment":[{"href":"https:\/\/www.hmltoimihenkilot.fi\/index.php\/wp-json\/wp\/v2\/media?parent=19"}],"curies":[{"name":"wp","href":"https:\/\/api.w.org\/{rel}","templated":true}]}}